{"id":1324,"date":"2017-08-30T17:06:19","date_gmt":"2017-08-30T17:06:19","guid":{"rendered":"http:\/\/altoviso.pt\/?page_id=1324"},"modified":"2017-09-01T09:28:57","modified_gmt":"2017-09-01T09:28:57","slug":"xarope-capile","status":"publish","type":"page","link":"https:\/\/altoviso.pt\/?page_id=1324","title":{"rendered":"Xarope Capil\u00e9"},"content":{"rendered":"<p>[et_pb_section bb_built=&#8221;1&#8243; custom_padding=&#8221;0px|0px|0px|0px&#8221; fullwidth=&#8221;on&#8221; _builder_version=&#8221;3.0.47&#8243;][et_pb_fullwidth_header _builder_version=&#8221;3.0.71&#8243; background_image=&#8221;https:\/\/altoviso.pt\/cms\/wp-content\/uploads\/2017\/08\/xaropes.jpg&#8221; custom_css_main_element=&#8221;height:250px;&#8221; background_repeat=&#8221;repeat&#8221; text_orientation=&#8221;left&#8221; header_fullscreen=&#8221;off&#8221; header_scroll_down=&#8221;off&#8221; image_orientation=&#8221;center&#8221; background_layout=&#8221;light&#8221; content_orientation=&#8221;center&#8221; custom_button_one=&#8221;off&#8221; button_one_letter_spacing=&#8221;0&#8243; button_one_icon_placement=&#8221;right&#8221; button_one_letter_spacing_hover=&#8221;0&#8243; custom_button_two=&#8221;off&#8221; button_two_letter_spacing=&#8221;0&#8243; button_two_icon_placement=&#8221;right&#8221; button_two_letter_spacing_hover=&#8221;0&#8243; \/][\/et_pb_section][et_pb_section bb_built=&#8221;1&#8243; admin_label=&#8221;section&#8221; module_id=&#8221;vinhos&#8221; _builder_version=&#8221;3.0.71&#8243; background_image=&#8221;https:\/\/altoviso.pt\/cms\/wp-content\/uploads\/2017\/06\/stucco_texture.jpg&#8221; global_module=&#8221;1258&#8243;][et_pb_row make_fullwidth=&#8221;on&#8221; use_custom_gutter=&#8221;on&#8221; gutter_width=&#8221;1&#8243; custom_padding=&#8221;0px||0px|&#8221; custom_margin=&#8221;0px||0px|&#8221; padding_top_1=&#8221;0px&#8221; padding_bottom_1=&#8221;0px&#8221; background_position_1=&#8221;top_left&#8221; background_repeat_1=&#8221;no-repeat&#8221; _builder_version=&#8221;3.0.71&#8243;][et_pb_column type=&#8221;4_4&#8243;][et_pb_text text_orientation=&#8221;center&#8221; _builder_version=&#8221;3.0.71&#8243; text_font=&#8221;Times New Roman|on|||&#8221; text_font_size=&#8221;34&#8243; header_font=&#8221;Calligraffitti||||&#8221; header_font_size=&#8221;50px&#8221; header_text_color=&#8221;#8d0000&#8243; custom_margin=&#8221;||0px|&#8221; custom_padding=&#8221;||0px|&#8221; background_layout=&#8221;light&#8221; border_style=&#8221;solid&#8221;]<\/p>\n<h1>Produtos<\/h1>\n<p>[\/et_pb_text][\/et_pb_column][\/et_pb_row][et_pb_row make_fullwidth=&#8221;on&#8221; use_custom_gutter=&#8221;on&#8221; gutter_width=&#8221;1&#8243; custom_padding=&#8221;10px|0px|10px|0px&#8221; custom_margin=&#8221;0px|0px|0px|0px&#8221; make_equal=&#8221;on&#8221; background_color=&#8221;#d6b56a&#8221; padding_top_1=&#8221;0px&#8221; padding_right_1=&#8221;0px&#8221; padding_bottom_1=&#8221;0px&#8221; padding_left_1=&#8221;0px&#8221; _builder_version=&#8221;3.0.71&#8243; background_size=&#8221;initial&#8221; background_position=&#8221;top_left&#8221; background_repeat=&#8221;repeat&#8221; background_repeat_1=&#8221;no-repeat&#8221;][et_pb_column type=&#8221;4_4&#8243;][et_pb_text text_orientation=&#8221;center&#8221; _builder_version=&#8221;3.0.71&#8243; text_font=&#8221;|||on|&#8221; text_font_size=&#8221;15&#8243; text_text_color=&#8221;#ffffff&#8221; background_layout=&#8221;light&#8221; border_style=&#8221;solid&#8221; saved_tabs=&#8221;all&#8221;]<\/p>\n<p style=\"text-align: center;\"><a style=\"color: #fff;\" href=\"https:\/\/altoviso.pt\/?page_id=509\">VINHOS &nbsp;&nbsp; <\/a>| &nbsp; <a style=\"color: #fff;\" href=\"https:\/\/altoviso.pt\/?page_id=911\">ESPUMANTES &nbsp;&nbsp; <\/a>| &nbsp;&nbsp; <a style=\"color: #fff;\" href=\"https:\/\/altoviso.pt\/?page_id=1029\">LICORES &nbsp;&nbsp; <\/a>|&nbsp;&nbsp;&nbsp; <a style=\"color: #fff;\" href=\"https:\/\/altoviso.pt\/?page_id=1255\">XAROPES &nbsp;&nbsp; <\/a>|&nbsp;&nbsp;&nbsp; <a style=\"color: #fff;\" href=\"https:\/\/altoviso.pt\/?page_id=1347\">VINHOS DO PORTO<\/a> &nbsp;&nbsp; | &nbsp;&nbsp; <a style=\"color: #fff;\" href=\"https:\/\/altoviso.pt\/?page_id=1391\">DISTRIBU\u00cdDOS<\/a><\/p>\n<p>[\/et_pb_text][\/et_pb_column][\/et_pb_row][et_pb_row _builder_version=&#8221;3.0.71&#8243; background_repeat_1=&#8221;no-repeat&#8221;][et_pb_column type=&#8221;4_4&#8243;][et_pb_text _builder_version=&#8221;3.0.71&#8243; background_layout=&#8221;light&#8221; text_orientation=&#8221;center&#8221; text_text_color=&#8221;#d6b56a&#8221; border_style=&#8221;solid&#8221; text_font=&#8221;Open Sans|||on|&#8221; text_font_size=&#8221;30&#8243;]<\/p>\n<p style=\"text-align: center;\">Xaropes<\/p>\n<p>[\/et_pb_text][\/et_pb_column][\/et_pb_row][et_pb_row _builder_version=&#8221;3.0.71&#8243; background_position_1=&#8221;top_left&#8221; background_repeat_1=&#8221;no-repeat&#8221; background_position_2=&#8221;top_left&#8221; background_repeat_2=&#8221;no-repeat&#8221; background_position_3=&#8221;top_left&#8221; background_repeat_3=&#8221;no-repeat&#8221; background_position_4=&#8221;top_left&#8221; background_repeat_4=&#8221;no-repeat&#8221;][et_pb_column type=&#8221;1_3&#8243;][et_pb_image _builder_version=&#8221;3.0.71&#8243; src=&#8221;https:\/\/altoviso.pt\/cms\/wp-content\/uploads\/2017\/08\/groselhathumb.jpg&#8221; show_in_lightbox=&#8221;off&#8221; url=&#8221;https:\/\/altoviso.pt\/?page_id=1312&#8243; url_new_window=&#8221;off&#8221; use_overlay=&#8221;on&#8221; sticky=&#8221;off&#8221; align=&#8221;center&#8221; always_center_on_mobile=&#8221;on&#8221; border_style=&#8221;solid&#8221; force_fullwidth=&#8221;off&#8221; custom_margin=&#8221;0px|5%|0px|0px&#8221; use_border_color=&#8221;on&#8221; border_color=&#8221;#d6b56a&#8221; overlay_icon_color=&#8221;#d6b56a&#8221; hover_overlay_color=&#8221;rgba(0,0,0,0.5)&#8221; max_width=&#8221;230px&#8221; \/][et_pb_text _builder_version=&#8221;3.0.71&#8243; background_layout=&#8221;light&#8221; text_orientation=&#8221;center&#8221; border_style=&#8221;solid&#8221; custom_margin=&#8221;0px|0px|0px|0px&#8221; text_font=&#8221;Open Sans||||&#8221; custom_padding=&#8221;0px|0px|0px|0px&#8221; max_width=&#8221;230px&#8221;]<\/p>\n<p style=\"text-align: center;\">Groselha<\/p>\n<p>[\/et_pb_text][\/et_pb_column][et_pb_column type=&#8221;1_3&#8243;][et_pb_image _builder_version=&#8221;3.0.71&#8243; src=&#8221;https:\/\/altoviso.pt\/cms\/wp-content\/uploads\/2017\/08\/capilethumb.jpg&#8221; show_in_lightbox=&#8221;off&#8221; url=&#8221;https:\/\/altoviso.pt\/?page_id=1324&#8243; url_new_window=&#8221;off&#8221; use_overlay=&#8221;on&#8221; sticky=&#8221;off&#8221; align=&#8221;center&#8221; always_center_on_mobile=&#8221;on&#8221; border_style=&#8221;solid&#8221; force_fullwidth=&#8221;off&#8221; custom_margin=&#8221;0px|5%|0px|0px&#8221; use_border_color=&#8221;on&#8221; border_color=&#8221;#d6b56a&#8221; overlay_icon_color=&#8221;#d6b56a&#8221; hover_overlay_color=&#8221;rgba(0,0,0,0.5)&#8221; max_width=&#8221;230px&#8221; \/][et_pb_text _builder_version=&#8221;3.0.71&#8243; background_layout=&#8221;light&#8221; text_orientation=&#8221;center&#8221; border_style=&#8221;solid&#8221; custom_margin=&#8221;0px|0px|0px|0px&#8221; text_font=&#8221;Open Sans||||&#8221; custom_padding=&#8221;0px|0px|0px|0px&#8221; max_width=&#8221;230px&#8221;]<\/p>\n<p style=\"text-align: center;\">Capil\u00e9<\/p>\n<p>[\/et_pb_text][\/et_pb_column][et_pb_column type=&#8221;1_3&#8243;][et_pb_image _builder_version=&#8221;3.0.71&#8243; src=&#8221;https:\/\/altoviso.pt\/cms\/wp-content\/uploads\/2017\/08\/ananasthumb.jpg&#8221; show_in_lightbox=&#8221;off&#8221; url=&#8221;https:\/\/altoviso.pt\/?page_id=1330&#8243; url_new_window=&#8221;off&#8221; use_overlay=&#8221;on&#8221; sticky=&#8221;off&#8221; align=&#8221;center&#8221; always_center_on_mobile=&#8221;on&#8221; border_style=&#8221;solid&#8221; force_fullwidth=&#8221;off&#8221; custom_margin=&#8221;0px|5%|0px|0px&#8221; use_border_color=&#8221;on&#8221; border_color=&#8221;#d6b56a&#8221; overlay_icon_color=&#8221;#d6b56a&#8221; hover_overlay_color=&#8221;rgba(0,0,0,0.5)&#8221; max_width=&#8221;230px&#8221; \/][et_pb_text _builder_version=&#8221;3.0.71&#8243; background_layout=&#8221;light&#8221; text_orientation=&#8221;center&#8221; border_style=&#8221;solid&#8221; custom_margin=&#8221;0px|0px|0px|0px&#8221; text_font=&#8221;Open Sans||||&#8221; custom_padding=&#8221;0px|0px|0px|0px&#8221; max_width=&#8221;230px&#8221;]<\/p>\n<p style=\"text-align: center;\">Anan\u00e1s<\/p>\n<p>[\/et_pb_text][\/et_pb_column][\/et_pb_row][et_pb_row _builder_version=&#8221;3.0.71&#8243; background_position_1=&#8221;top_left&#8221; background_repeat_1=&#8221;no-repeat&#8221; background_position_2=&#8221;top_left&#8221; background_repeat_2=&#8221;no-repeat&#8221; background_position_3=&#8221;top_left&#8221; background_repeat_3=&#8221;no-repeat&#8221; background_position_4=&#8221;top_left&#8221; background_repeat_4=&#8221;no-repeat&#8221;][et_pb_column type=&#8221;1_2&#8243;][et_pb_image _builder_version=&#8221;3.0.71&#8243; src=&#8221;https:\/\/altoviso.pt\/cms\/wp-content\/uploads\/2017\/08\/laranjathumb.jpg&#8221; show_in_lightbox=&#8221;off&#8221; url=&#8221;https:\/\/altoviso.pt\/?page_id=1335&#8243; url_new_window=&#8221;off&#8221; use_overlay=&#8221;on&#8221; sticky=&#8221;off&#8221; align=&#8221;center&#8221; always_center_on_mobile=&#8221;on&#8221; border_style=&#8221;solid&#8221; force_fullwidth=&#8221;off&#8221; custom_margin=&#8221;0px|0px|0px|25%&#8221; use_border_color=&#8221;on&#8221; border_color=&#8221;#d6b56a&#8221; overlay_icon_color=&#8221;#d6b56a&#8221; hover_overlay_color=&#8221;rgba(0,0,0,0.5)&#8221; max_width=&#8221;230px&#8221; \/][et_pb_text _builder_version=&#8221;3.0.71&#8243; background_layout=&#8221;light&#8221; text_orientation=&#8221;center&#8221; border_style=&#8221;solid&#8221; custom_margin=&#8221;0px|0px|0px|25%&#8221; text_font=&#8221;Open Sans||||&#8221; custom_padding=&#8221;0px|0px|0px|0px&#8221; max_width=&#8221;230px&#8221;]<\/p>\n<p style=\"text-align: center;\">Laranja<\/p>\n<p>[\/et_pb_text][\/et_pb_column][et_pb_column type=&#8221;1_2&#8243;][et_pb_image _builder_version=&#8221;3.0.71&#8243; src=&#8221;https:\/\/altoviso.pt\/cms\/wp-content\/uploads\/2017\/08\/limaothumb.jpg&#8221; show_in_lightbox=&#8221;off&#8221; url=&#8221;https:\/\/altoviso.pt\/?page_id=1341&#8243; url_new_window=&#8221;off&#8221; use_overlay=&#8221;on&#8221; sticky=&#8221;off&#8221; align=&#8221;center&#8221; always_center_on_mobile=&#8221;on&#8221; border_style=&#8221;solid&#8221; force_fullwidth=&#8221;off&#8221; custom_margin=&#8221;0px|0px|0px|25%&#8221; use_border_color=&#8221;on&#8221; border_color=&#8221;#d6b56a&#8221; overlay_icon_color=&#8221;#d6b56a&#8221; hover_overlay_color=&#8221;rgba(0,0,0,0.5)&#8221; max_width=&#8221;230px&#8221; \/][et_pb_text _builder_version=&#8221;3.0.71&#8243; background_layout=&#8221;light&#8221; text_orientation=&#8221;center&#8221; border_style=&#8221;solid&#8221; custom_margin=&#8221;0px|0px|0px|25%&#8221; text_font=&#8221;Open Sans||||&#8221; custom_padding=&#8221;0px|0px|0px|0px&#8221; max_width=&#8221;230px&#8221;]<\/p>\n<p style=\"text-align: center;\">Lim\u00e3o<\/p>\n<p>[\/et_pb_text][\/et_pb_column][\/et_pb_row][\/et_pb_section][et_pb_section bb_built=&#8221;1&#8243; admin_label=&#8221;section&#8221; _builder_version=&#8221;3.0.47&#8243;][et_pb_row admin_label=&#8221;row&#8221; _builder_version=&#8221;3.0.47&#8243; background_size=&#8221;initial&#8221; background_position=&#8221;top_left&#8221; background_repeat=&#8221;repeat&#8221;][et_pb_column type=&#8221;1_2&#8243;][et_pb_image src=&#8221;https:\/\/altoviso.pt\/cms\/wp-content\/uploads\/2017\/08\/xaro02_X.jpg&#8221; align=&#8221;center&#8221; _builder_version=&#8221;3.0.71&#8243; use_border_color=&#8221;on&#8221; border_color=&#8221;#d6b56a&#8221; show_in_lightbox=&#8221;off&#8221; url_new_window=&#8221;off&#8221; use_overlay=&#8221;off&#8221; sticky=&#8221;off&#8221; always_center_on_mobile=&#8221;on&#8221; border_style=&#8221;solid&#8221; force_fullwidth=&#8221;off&#8221; \/][\/et_pb_column][et_pb_column type=&#8221;1_2&#8243;][et_pb_text _builder_version=&#8221;3.0.71&#8243; text_font=&#8221;Times New Roman||||&#8221; header_font=&#8221;Calligraffitti||||&#8221; header_font_size=&#8221;40px&#8221; header_text_color=&#8221;#8d0000&#8243; custom_padding=&#8221;30px|||&#8221; background_layout=&#8221;light&#8221; text_orientation=&#8221;left&#8221; border_style=&#8221;solid&#8221;]<\/p>\n<h1>Xaropes<\/h1>\n<p>[\/et_pb_text][et_pb_text _builder_version=&#8221;3.0.71&#8243; background_layout=&#8221;light&#8221; text_orientation=&#8221;left&#8221; border_style=&#8221;solid&#8221;]<\/p>\n<h4>Xarope de Capil\u00e9<\/h4>\n<p>Elaborado essencialmente com ingredientes naturais (e usando frondes de avenca), cheio de vitaminas e antioxidantes, este xarope \u00e9 muito simples de preparar, seguindo a f\u00f3rmula tamb\u00e9m antiga que diz &#8220;basta juntar \u00e1gua!&#8221;\u00a0.<\/p>\n<p>\u00c9 excelente ainda como calda para gelado, iogurte ou panquecas, por exemplo &#8211; delicioso o ano inteiro!<\/p>\n<p style=\"text-align: center;\">________________________________________<\/p>\n<p style=\"text-align: center;\"><img loading=\"lazy\" class=\"aligncenter wp-image-182\" src=\"https:\/\/altoviso.pt\/cms\/wp-content\/uploads\/2017\/06\/fticon.png\" alt=\"\" width=\"62\" height=\"62\" srcset=\"https:\/\/altoviso.pt\/cms\/wp-content\/uploads\/2017\/06\/fticon.png 225w, https:\/\/altoviso.pt\/cms\/wp-content\/uploads\/2017\/06\/fticon-150x150.png 150w\" sizes=\"(max-width: 62px) 100vw, 62px\" \/>ficha t\u00e9cnica<\/p>\n<p>[\/et_pb_text][\/et_pb_column][\/et_pb_row][\/et_pb_section][et_pb_section bb_built=&#8221;1&#8243; admin_label=&#8221;section&#8221; fullwidth=&#8221;on&#8221; _builder_version=&#8221;3.0.51&#8243; custom_padding=&#8221;0px|0px|0px|0px&#8221; disabled_on=&#8221;on|on|on&#8221; disabled=&#8221;on&#8221; global_module=&#8221;293&#8243;][et_pb_fullwidth_portfolio global_parent=&#8221;293&#8243; include_categories=&#8221;16,13,15,18,6,10,9,8,7,17,11,12,14&#8243; posts_number=&#8221;20&#8243; show_title=&#8221;off&#8221; show_date=&#8221;off&#8221; auto=&#8221;on&#8221; auto_speed=&#8221;3000&#8243; _builder_version=&#8221;3.0.51&#8243; use_border_color=&#8221;on&#8221; border_color=&#8221;#9f7e0d&#8221; background_position=&#8221;top_left&#8221; background_repeat=&#8221;repeat&#8221; background_size=&#8221;initial&#8221; \/][\/et_pb_section][et_pb_section bb_built=&#8221;1&#8243; fullwidth=&#8221;off&#8221; specialty=&#8221;off&#8221; _builder_version=&#8221;3.0.71&#8243; background_color=&#8221;rgba(0,0,0,0)&#8221;][et_pb_row][\/et_pb_row][\/et_pb_section]<\/p>\n","protected":false},"excerpt":{"rendered":"<p>Produtos VINHOS &nbsp;&nbsp; | &nbsp; ESPUMANTES &nbsp;&nbsp; | &nbsp;&nbsp; LICORES &nbsp;&nbsp; |&nbsp;&nbsp;&nbsp; XAROPES &nbsp;&nbsp; |&nbsp;&nbsp;&nbsp; VINHOS DO PORTO &nbsp;&nbsp; | &nbsp;&nbsp; DISTRIBU\u00cdDOS Xaropes Groselha Capil\u00e9 Anan\u00e1s Laranja Lim\u00e3o Xaropes Xarope de Capil\u00e9 Elaborado essencialmente com ingredientes naturais (e usando frondes de avenca), cheio de vitaminas e antioxidantes, este xarope \u00e9 muito simples de preparar, seguindo [&hellip;]<\/p>\n","protected":false},"author":1,"featured_media":0,"parent":0,"menu_order":0,"comment_status":"closed","ping_status":"closed","template":"","meta":{"_et_pb_use_builder":"on","_et_pb_old_content":"","_et_gb_content_width":""},"_links":{"self":[{"href":"https:\/\/altoviso.pt\/index.php?rest_route=\/wp\/v2\/pages\/1324"}],"collection":[{"href":"https:\/\/altoviso.pt\/index.php?rest_route=\/wp\/v2\/pages"}],"about":[{"href":"https:\/\/altoviso.pt\/index.php?rest_route=\/wp\/v2\/types\/page"}],"author":[{"embeddable":true,"href":"https:\/\/altoviso.pt\/index.php?rest_route=\/wp\/v2\/users\/1"}],"replies":[{"embeddable":true,"href":"https:\/\/altoviso.pt\/index.php?rest_route=%2Fwp%2Fv2%2Fcomments&post=1324"}],"version-history":[{"count":7,"href":"https:\/\/altoviso.pt\/index.php?rest_route=\/wp\/v2\/pages\/1324\/revisions"}],"predecessor-version":[{"id":1594,"href":"https:\/\/altoviso.pt\/index.php?rest_route=\/wp\/v2\/pages\/1324\/revisions\/1594"}],"wp:attachment":[{"href":"https:\/\/altoviso.pt\/index.php?rest_route=%2Fwp%2Fv2%2Fmedia&parent=1324"}],"curies":[{"name":"wp","href":"https:\/\/api.w.org\/{rel}","templated":true}]}}