{"id":719,"date":"2017-08-28T13:21:40","date_gmt":"2017-08-28T13:21:40","guid":{"rendered":"http:\/\/altoviso.pt\/?page_id=719"},"modified":"2018-01-25T14:38:30","modified_gmt":"2018-01-25T14:38:30","slug":"dao","status":"publish","type":"page","link":"https:\/\/altoviso.pt\/?page_id=719","title":{"rendered":"D\u00e3o"},"content":{"rendered":"<p>[et_pb_section fb_built=&#8221;1&#8243; fullwidth=&#8221;on&#8221; _builder_version=&#8221;3.0.47&#8243; custom_padding=&#8221;0px|0px|0px|0px&#8221;][et_pb_fullwidth_header _builder_version=&#8221;3.0.71&#8243; background_image=&#8221;https:\/\/altoviso.pt\/cms\/wp-content\/uploads\/2017\/08\/dao-1.jpg&#8221; background_position=&#8221;bottom_center&#8221; background_repeat=&#8221;repeat&#8221; custom_css_main_element=&#8221;height:250px;&#8221;][\/et_pb_fullwidth_header][\/et_pb_section][et_pb_section fb_built=&#8221;1&#8243; admin_label=&#8221;section&#8221; module_id=&#8221;vinhos&#8221; _builder_version=&#8221;3.0.71&#8243; background_image=&#8221;https:\/\/altoviso.pt\/cms\/wp-content\/uploads\/2017\/06\/stucco_texture.jpg&#8221; global_module=&#8221;724&#8243;][et_pb_row make_fullwidth=&#8221;on&#8221; use_custom_gutter=&#8221;on&#8221; gutter_width=&#8221;1&#8243; custom_padding=&#8221;0px||0px|&#8221; custom_margin=&#8221;0px||0px|&#8221; padding_top_1=&#8221;0px&#8221; padding_bottom_1=&#8221;0px&#8221; background_position_1=&#8221;top_left&#8221; background_repeat_1=&#8221;no-repeat&#8221; _builder_version=&#8221;3.0.65&#8243;][et_pb_column type=&#8221;4_4&#8243; _builder_version=&#8221;3.0.47&#8243; padding_bottom=&#8221;0px&#8221; padding_top=&#8221;0px&#8221; parallax=&#8221;off&#8221; parallax_method=&#8221;on&#8221; background_position=&#8221;top_left&#8221; background_repeat=&#8221;no-repeat&#8221;][et_pb_text _builder_version=&#8221;3.0.71&#8243; text_font=&#8221;Times New Roman|on|||&#8221; text_font_size=&#8221;34&#8243; header_font=&#8221;Calligraffitti||||&#8221; header_font_size=&#8221;50px&#8221; header_text_color=&#8221;#8d0000&#8243; text_orientation=&#8221;center&#8221; module_alignment=&#8221;center&#8221; custom_margin=&#8221;||0px|&#8221; custom_padding=&#8221;||0px|&#8221; border_style=&#8221;solid&#8221;]<\/p>\n<h1>Produtos<\/h1>\n<p>[\/et_pb_text][\/et_pb_column][\/et_pb_row][et_pb_row make_fullwidth=&#8221;on&#8221; use_custom_gutter=&#8221;on&#8221; gutter_width=&#8221;1&#8243; custom_padding=&#8221;10px|0px|10px|0px&#8221; custom_margin=&#8221;0px|0px|0px|0px&#8221; make_equal=&#8221;on&#8221; background_color=&#8221;#d6b56a&#8221; padding_top_1=&#8221;0px&#8221; padding_right_1=&#8221;0px&#8221; padding_bottom_1=&#8221;0px&#8221; padding_left_1=&#8221;0px&#8221; _builder_version=&#8221;3.0.65&#8243; background_size=&#8221;initial&#8221; background_position=&#8221;top_left&#8221; background_repeat=&#8221;repeat&#8221;][et_pb_column type=&#8221;4_4&#8243; _builder_version=&#8221;3.0.47&#8243; padding_bottom=&#8221;0px&#8221; padding_left=&#8221;0px&#8221; padding_right=&#8221;0px&#8221; padding_top=&#8221;0px&#8221; parallax=&#8221;off&#8221; parallax_method=&#8221;on&#8221;][et_pb_text _builder_version=&#8221;3.0.71&#8243; text_font=&#8221;|||on|&#8221; text_font_size=&#8221;15&#8243; text_text_color=&#8221;#ffffff&#8221; text_orientation=&#8221;center&#8221; module_alignment=&#8221;center&#8221; border_style=&#8221;solid&#8221; saved_tabs=&#8221;all&#8221;]<\/p>\n<p style=\"text-align: center;\"><a style=\"color: #fff;\" href=\"?page_id=509\">VINHOS \u00a0\u00a0 <\/a>| \u00a0 <a style=\"color: #fff;\" href=\"?page_id=911\">ESPUMANTES \u00a0\u00a0 <\/a>| \u00a0\u00a0 <a style=\"color: #fff;\" href=\"?page_id=1029\">LICORES &amp; SPIRITS\u00a0 \u00a0\u00a0<\/a>|\u00a0\u00a0\u00a0 <a style=\"color: #fff;\" href=\"?page_id=1255\">XAROPES \u00a0\u00a0 <\/a>|\u00a0\u00a0\u00a0 <a style=\"color: #fff;\" href=\"?page_id=1347\">VINHOS DO PORTO<\/a> \u00a0\u00a0 | \u00a0\u00a0 <a style=\"color: #fff;\" href=\"?page_id=1391\">DISTRIBU\u00cdDOS<\/a><\/p>\n<p>[\/et_pb_text][\/et_pb_column][\/et_pb_row][et_pb_row _builder_version=&#8221;3.0.47&#8243; background_size=&#8221;initial&#8221; background_position=&#8221;top_left&#8221; background_repeat=&#8221;repeat&#8221;][et_pb_column type=&#8221;4_4&#8243; _builder_version=&#8221;3.0.47&#8243; parallax=&#8221;off&#8221; parallax_method=&#8221;on&#8221;][et_pb_text _builder_version=&#8221;3.0.71&#8243; text_font=&#8221;Open Sans|||on|&#8221; text_font_size=&#8221;30&#8243; text_text_color=&#8221;#d6b56a&#8221; text_orientation=&#8221;center&#8221; module_alignment=&#8221;center&#8221; border_style=&#8221;solid&#8221;]<\/p>\n<p style=\"text-align: center;\">Regi\u00e3o do D\u00e3o<\/p>\n<p>[\/et_pb_text][\/et_pb_column][\/et_pb_row][et_pb_row background_position_1=&#8221;top_left&#8221; background_position_2=&#8221;top_left&#8221; background_position_3=&#8221;top_left&#8221; background_position_4=&#8221;top_left&#8221; background_repeat_1=&#8221;no-repeat&#8221; background_repeat_2=&#8221;no-repeat&#8221; background_repeat_3=&#8221;no-repeat&#8221; background_repeat_4=&#8221;no-repeat&#8221; _builder_version=&#8221;3.0.71&#8243;][et_pb_column type=&#8221;1_4&#8243; _builder_version=&#8221;3.0.47&#8243; parallax=&#8221;off&#8221; parallax_method=&#8221;on&#8221; background_position=&#8221;top_left&#8221; background_repeat=&#8221;no-repeat&#8221;][et_pb_image src=&#8221;https:\/\/altoviso.pt\/cms\/wp-content\/uploads\/2017\/08\/daotintodocthumb.jpg&#8221; url=&#8221;https:\/\/altoviso.pt\/?page_id=745&#8243; use_overlay=&#8221;on&#8221; overlay_icon_color=&#8221;#d6b56a&#8221; hover_overlay_color=&#8221;rgba(0,0,0,0.5)&#8221; align=&#8221;center&#8221; _builder_version=&#8221;3.0.71&#8243; border_width_all=&#8221;0px&#8221; border_color_all=&#8221;#d6b56a&#8221; border_style_all=&#8221;solid&#8221; custom_margin=&#8221;0px|0px|0px|0px&#8221; animation_style=&#8221;slide&#8221; animation_direction=&#8221;left&#8221; animation_duration=&#8221;500ms&#8221; animation_intensity_slide=&#8221;10%&#8221; use_border_color=&#8221;on&#8221; border_color=&#8221;#d6b56a&#8221; border_style=&#8221;solid&#8221; sticky=&#8221;off&#8221;][\/et_pb_image][et_pb_text _builder_version=&#8221;3.0.71&#8243; text_font=&#8221;Open Sans||||&#8221; text_orientation=&#8221;center&#8221; module_alignment=&#8221;center&#8221; custom_margin=&#8221;0px|0px|0px|0px&#8221; custom_padding=&#8221;0px|0px|0px|0px&#8221; border_style=&#8221;solid&#8221;]<\/p>\n<p style=\"text-align: center;\">D\u00e3o Tinto Doc<\/p>\n<p>[\/et_pb_text][\/et_pb_column][et_pb_column type=&#8221;1_4&#8243; _builder_version=&#8221;3.0.47&#8243; parallax=&#8221;off&#8221; parallax_method=&#8221;on&#8221; background_position=&#8221;top_left&#8221; background_repeat=&#8221;no-repeat&#8221;][et_pb_image src=&#8221;https:\/\/altoviso.pt\/cms\/wp-content\/uploads\/2017\/08\/daobrancodocthumb.jpg&#8221; url=&#8221;https:\/\/altoviso.pt\/?page_id=756&#8243; use_overlay=&#8221;on&#8221; overlay_icon_color=&#8221;#d6b56a&#8221; hover_overlay_color=&#8221;rgba(0,0,0,0.5)&#8221; align=&#8221;center&#8221; _builder_version=&#8221;3.0.71&#8243; border_width_all=&#8221;0px&#8221; border_color_all=&#8221;#d6b56a&#8221; border_style_all=&#8221;solid&#8221; custom_margin=&#8221;0px|0px|0px|0px&#8221; animation_style=&#8221;slide&#8221; animation_direction=&#8221;left&#8221; animation_duration=&#8221;500ms&#8221; animation_intensity_slide=&#8221;10%&#8221; use_border_color=&#8221;on&#8221; border_color=&#8221;#d6b56a&#8221; border_style=&#8221;solid&#8221; sticky=&#8221;off&#8221;][\/et_pb_image][et_pb_text _builder_version=&#8221;3.0.71&#8243; text_font=&#8221;Open Sans||||&#8221; text_orientation=&#8221;center&#8221; module_alignment=&#8221;center&#8221; custom_margin=&#8221;0px|0px|0px|0px&#8221; custom_padding=&#8221;0px|0px|0px|0px&#8221; border_style=&#8221;solid&#8221;]<\/p>\n<p style=\"text-align: center;\">D\u00e3o Branco DOC<\/p>\n<p>[\/et_pb_text][\/et_pb_column][et_pb_column type=&#8221;1_4&#8243; _builder_version=&#8221;3.0.47&#8243; parallax=&#8221;off&#8221; parallax_method=&#8221;on&#8221; background_position=&#8221;top_left&#8221; background_repeat=&#8221;no-repeat&#8221;][et_pb_image src=&#8221;https:\/\/altoviso.pt\/cms\/wp-content\/uploads\/2017\/08\/daotouriganacionalthumb.jpg&#8221; url=&#8221;https:\/\/altoviso.pt\/?page_id=764&#8243; use_overlay=&#8221;on&#8221; overlay_icon_color=&#8221;#d6b56a&#8221; hover_overlay_color=&#8221;rgba(0,0,0,0.5)&#8221; align=&#8221;center&#8221; _builder_version=&#8221;3.0.71&#8243; border_width_all=&#8221;0px&#8221; border_color_all=&#8221;#d6b56a&#8221; border_style_all=&#8221;solid&#8221; custom_margin=&#8221;0px|0px|0px|0px&#8221; animation_style=&#8221;slide&#8221; animation_direction=&#8221;left&#8221; animation_duration=&#8221;500ms&#8221; animation_intensity_slide=&#8221;10%&#8221; use_border_color=&#8221;on&#8221; border_color=&#8221;#d6b56a&#8221; border_style=&#8221;solid&#8221; sticky=&#8221;off&#8221;][\/et_pb_image][et_pb_text _builder_version=&#8221;3.0.71&#8243; text_font=&#8221;Open Sans||||&#8221; text_orientation=&#8221;center&#8221; module_alignment=&#8221;center&#8221; custom_margin=&#8221;0px|0px|0px|0px&#8221; custom_padding=&#8221;0px|0px|0px|0px&#8221; border_style=&#8221;solid&#8221;]<\/p>\n<p style=\"text-align: center;\">D\u00e3o Touriga Nacional<\/p>\n<p>[\/et_pb_text][\/et_pb_column][et_pb_column type=&#8221;1_4&#8243; _builder_version=&#8221;3.0.47&#8243; parallax=&#8221;off&#8221; parallax_method=&#8221;on&#8221; background_position=&#8221;top_left&#8221; background_repeat=&#8221;no-repeat&#8221;][et_pb_image src=&#8221;https:\/\/altoviso.pt\/cms\/wp-content\/uploads\/2017\/08\/daotintoreservathumb.jpg&#8221; url=&#8221;https:\/\/altoviso.pt\/?page_id=769&#8243; use_overlay=&#8221;on&#8221; overlay_icon_color=&#8221;#d6b56a&#8221; hover_overlay_color=&#8221;rgba(0,0,0,0.5)&#8221; align=&#8221;center&#8221; _builder_version=&#8221;3.0.71&#8243; border_width_all=&#8221;0px&#8221; border_color_all=&#8221;#d6b56a&#8221; border_style_all=&#8221;solid&#8221; custom_margin=&#8221;0px|0px|0px|0px&#8221; animation_style=&#8221;slide&#8221; animation_direction=&#8221;left&#8221; animation_duration=&#8221;500ms&#8221; animation_intensity_slide=&#8221;10%&#8221; use_border_color=&#8221;on&#8221; border_color=&#8221;#d6b56a&#8221; border_style=&#8221;solid&#8221; sticky=&#8221;off&#8221;][\/et_pb_image][et_pb_text _builder_version=&#8221;3.0.71&#8243; text_font=&#8221;Open Sans||||&#8221; text_orientation=&#8221;center&#8221; module_alignment=&#8221;center&#8221; custom_margin=&#8221;0px|0px|0px|0px&#8221; custom_padding=&#8221;0px|0px|0px|0px&#8221; border_style=&#8221;solid&#8221;]<\/p>\n<p style=\"text-align: center;\">D\u00e3o Reserva Tinto<\/p>\n<p>[\/et_pb_text][\/et_pb_column][\/et_pb_row][\/et_pb_section][et_pb_section fb_built=&#8221;1&#8243; admin_label=&#8221;section&#8221; _builder_version=&#8221;3.0.47&#8243;][et_pb_row admin_label=&#8221;row&#8221; _builder_version=&#8221;3.0.47&#8243; background_size=&#8221;initial&#8221; background_position=&#8221;top_left&#8221; background_repeat=&#8221;repeat&#8221;][et_pb_column type=&#8221;1_2&#8243; _builder_version=&#8221;3.0.47&#8243; parallax=&#8221;off&#8221; parallax_method=&#8221;on&#8221;][et_pb_image src=&#8221;https:\/\/altoviso.pt\/cms\/wp-content\/uploads\/2017\/08\/dao03_D.jpg&#8221; align=&#8221;center&#8221; _builder_version=&#8221;3.0.71&#8243; border_width_all=&#8221;0px&#8221; border_color_all=&#8221;#d6b56a&#8221; border_style_all=&#8221;solid&#8221; animation_style=&#8221;slide&#8221; animation_direction=&#8221;left&#8221; animation_duration=&#8221;500ms&#8221; animation_intensity_slide=&#8221;10%&#8221; use_border_color=&#8221;on&#8221; border_color=&#8221;#d6b56a&#8221; border_style=&#8221;solid&#8221; sticky=&#8221;off&#8221;][\/et_pb_image][\/et_pb_column][et_pb_column type=&#8221;1_2&#8243; _builder_version=&#8221;3.0.47&#8243; parallax=&#8221;off&#8221; parallax_method=&#8221;on&#8221;][et_pb_text _builder_version=&#8221;3.0.71&#8243; text_font=&#8221;Times New Roman||||&#8221; header_font=&#8221;Calligraffitti||||&#8221; header_font_size=&#8221;40px&#8221; header_text_color=&#8221;#8d0000&#8243; custom_padding=&#8221;30px|||&#8221; border_style=&#8221;solid&#8221;]<\/p>\n<h1>Regi\u00e3o do D\u00e3o<\/h1>\n<p>[\/et_pb_text][et_pb_text _builder_version=&#8221;3.0.71&#8243; border_style=&#8221;solid&#8221;]<\/p>\n<h4>Bairrada Quinta da Corga Reserva Tinto<\/h4>\n<p>Aspecto l\u00edmpido, de cor gren\u00e1 com nuances acastanhadas, aroma floral e toque de madeira e sabor frutado.<\/p>\n<p>Ideal para acompanhar queijos, ca\u00e7a e carnes sazonais.<\/p>\n<p style=\"text-align: center;\">________________________________________<\/p>\n<p style=\"text-align: center;\"><img loading=\"lazy\" class=\"aligncenter wp-image-182\" src=\"https:\/\/altoviso.pt\/cms\/wp-content\/uploads\/2017\/06\/fticon.png\" alt=\"\" width=\"62\" height=\"62\" srcset=\"https:\/\/altoviso.pt\/cms\/wp-content\/uploads\/2017\/06\/fticon.png 225w, https:\/\/altoviso.pt\/cms\/wp-content\/uploads\/2017\/06\/fticon-150x150.png 150w\" sizes=\"(max-width: 62px) 100vw, 62px\" \/>ficha t\u00e9cnica<\/p>\n<p>[\/et_pb_text][\/et_pb_column][\/et_pb_row][\/et_pb_section][et_pb_section fb_built=&#8221;1&#8243; fullwidth=&#8221;on&#8221; disabled_on=&#8221;on|on|on&#8221; admin_label=&#8221;section&#8221; _builder_version=&#8221;3.0.51&#8243; custom_padding=&#8221;0px|0px|0px|0px&#8221; disabled=&#8221;on&#8221; global_module=&#8221;293&#8243;][et_pb_fullwidth_portfolio include_categories=&#8221;16,13,15,18,6,10,9,8,7,17,11,12,14&#8243; posts_number=&#8221;20&#8243; show_title=&#8221;off&#8221; show_date=&#8221;off&#8221; _builder_version=&#8221;3.0.51&#8243; background_size=&#8221;initial&#8221; background_position=&#8221;top_left&#8221; background_repeat=&#8221;repeat&#8221; border_width_all_image=&#8221;0px&#8221; border_color_all_image=&#8221;#9f7e0d&#8221; border_style_all_image=&#8221;solid&#8221; auto=&#8221;on&#8221; auto_speed=&#8221;3000&#8243; use_border_color=&#8221;on&#8221; border_color=&#8221;#9f7e0d&#8221;][\/et_pb_fullwidth_portfolio][\/et_pb_section][et_pb_section fb_built=&#8221;1&#8243; background_color=&#8221;rgba(0,0,0,0)&#8221; _builder_version=&#8221;3.0.71&#8243;][et_pb_row _builder_version=&#8221;3.0.47&#8243; background_size=&#8221;initial&#8221; background_position=&#8221;top_left&#8221; background_repeat=&#8221;repeat&#8221;][\/et_pb_row][\/et_pb_section]<\/p>\n","protected":false},"excerpt":{"rendered":"<p>ProdutosVINHOS \u00a0\u00a0 | \u00a0 ESPUMANTES \u00a0\u00a0 | \u00a0\u00a0 LICORES &amp; SPIRITS\u00a0 \u00a0\u00a0|\u00a0\u00a0\u00a0 XAROPES \u00a0\u00a0 |\u00a0\u00a0\u00a0 VINHOS DO PORTO \u00a0\u00a0 | \u00a0\u00a0 DISTRIBU\u00cdDOSRegi\u00e3o do D\u00e3oD\u00e3o Tinto DocD\u00e3o Branco DOCD\u00e3o Touriga NacionalD\u00e3o Reserva TintoRegi\u00e3o do D\u00e3o Bairrada Quinta da Corga Reserva Tinto Aspecto l\u00edmpido, de cor gren\u00e1 com nuances acastanhadas, aroma floral e toque de madeira e [&hellip;]<\/p>\n","protected":false},"author":1,"featured_media":0,"parent":0,"menu_order":0,"comment_status":"closed","ping_status":"closed","template":"","meta":{"_et_pb_use_builder":"on","_et_pb_old_content":"","_et_gb_content_width":""},"_links":{"self":[{"href":"https:\/\/altoviso.pt\/index.php?rest_route=\/wp\/v2\/pages\/719"}],"collection":[{"href":"https:\/\/altoviso.pt\/index.php?rest_route=\/wp\/v2\/pages"}],"about":[{"href":"https:\/\/altoviso.pt\/index.php?rest_route=\/wp\/v2\/types\/page"}],"author":[{"embeddable":true,"href":"https:\/\/altoviso.pt\/index.php?rest_route=\/wp\/v2\/users\/1"}],"replies":[{"embeddable":true,"href":"https:\/\/altoviso.pt\/index.php?rest_route=%2Fwp%2Fv2%2Fcomments&post=719"}],"version-history":[{"count":21,"href":"https:\/\/altoviso.pt\/index.php?rest_route=\/wp\/v2\/pages\/719\/revisions"}],"predecessor-version":[{"id":1639,"href":"https:\/\/altoviso.pt\/index.php?rest_route=\/wp\/v2\/pages\/719\/revisions\/1639"}],"wp:attachment":[{"href":"https:\/\/altoviso.pt\/index.php?rest_route=%2Fwp%2Fv2%2Fmedia&parent=719"}],"curies":[{"name":"wp","href":"https:\/\/api.w.org\/{rel}","templated":true}]}}