{"id":782,"date":"2017-08-28T15:20:00","date_gmt":"2017-08-28T15:20:00","guid":{"rendered":"http:\/\/altoviso.pt\/?page_id=782"},"modified":"2018-01-25T15:12:24","modified_gmt":"2018-01-25T15:12:24","slug":"beiras","status":"publish","type":"page","link":"https:\/\/altoviso.pt\/?page_id=782","title":{"rendered":"Beiras"},"content":{"rendered":"<p>[et_pb_section fb_built=&#8221;1&#8243; fullwidth=&#8221;on&#8221; admin_label=&#8221;section&#8221; _builder_version=&#8221;3.0.65&#8243; custom_padding=&#8221;0px|0px|0px|0px&#8221;][et_pb_fullwidth_header text_orientation=&#8221;center&#8221; _builder_version=&#8221;3.0.71&#8243; background_image=&#8221;https:\/\/altoviso.pt\/cms\/wp-content\/uploads\/2017\/08\/beiras-1.jpg&#8221; background_repeat=&#8221;repeat&#8221; custom_css_main_element=&#8221;height:350px;&#8221;][\/et_pb_fullwidth_header][\/et_pb_section][et_pb_section fb_built=&#8221;1&#8243; admin_label=&#8221;section&#8221; module_id=&#8221;vinhos&#8221; _builder_version=&#8221;3.0.71&#8243; background_image=&#8221;https:\/\/altoviso.pt\/cms\/wp-content\/uploads\/2017\/06\/stucco_texture.jpg&#8221; global_module=&#8221;835&#8243;][et_pb_row make_fullwidth=&#8221;on&#8221; use_custom_gutter=&#8221;on&#8221; gutter_width=&#8221;1&#8243; custom_padding=&#8221;0px||0px|&#8221; custom_margin=&#8221;0px||0px|&#8221; padding_top_1=&#8221;0px&#8221; padding_bottom_1=&#8221;0px&#8221; background_position_1=&#8221;top_left&#8221; background_repeat_1=&#8221;no-repeat&#8221; _builder_version=&#8221;3.0.71&#8243;][et_pb_column type=&#8221;4_4&#8243; _builder_version=&#8221;3.0.47&#8243; padding_bottom=&#8221;0px&#8221; padding_top=&#8221;0px&#8221; parallax=&#8221;off&#8221; parallax_method=&#8221;on&#8221; background_position=&#8221;top_left&#8221; background_repeat=&#8221;no-repeat&#8221;][et_pb_text _builder_version=&#8221;3.0.71&#8243; text_font=&#8221;Times New Roman|on|||&#8221; text_font_size=&#8221;34&#8243; header_font=&#8221;Calligraffitti||||&#8221; header_font_size=&#8221;50px&#8221; header_text_color=&#8221;#8d0000&#8243; text_orientation=&#8221;center&#8221; module_alignment=&#8221;center&#8221; custom_margin=&#8221;||0px|&#8221; custom_padding=&#8221;||0px|&#8221; border_style=&#8221;solid&#8221;]<\/p>\n<h1>Produtos<\/h1>\n<p>[\/et_pb_text][\/et_pb_column][\/et_pb_row][et_pb_row make_fullwidth=&#8221;on&#8221; use_custom_gutter=&#8221;on&#8221; gutter_width=&#8221;1&#8243; custom_padding=&#8221;10px|0px|10px|0px&#8221; custom_margin=&#8221;0px|0px|0px|0px&#8221; make_equal=&#8221;on&#8221; background_color=&#8221;#d6b56a&#8221; padding_top_1=&#8221;0px&#8221; padding_right_1=&#8221;0px&#8221; padding_bottom_1=&#8221;0px&#8221; padding_left_1=&#8221;0px&#8221; background_repeat_1=&#8221;no-repeat&#8221; _builder_version=&#8221;3.0.71&#8243; background_size=&#8221;initial&#8221; background_position=&#8221;top_left&#8221; background_repeat=&#8221;repeat&#8221;][et_pb_column type=&#8221;4_4&#8243; _builder_version=&#8221;3.0.47&#8243; padding_bottom=&#8221;0px&#8221; padding_left=&#8221;0px&#8221; padding_right=&#8221;0px&#8221; padding_top=&#8221;0px&#8221; parallax=&#8221;off&#8221; parallax_method=&#8221;on&#8221; background_repeat=&#8221;no-repeat&#8221;][et_pb_text _builder_version=&#8221;3.0.98&#8243; text_font=&#8221;|||on|&#8221; text_font_size=&#8221;15&#8243; text_text_color=&#8221;#ffffff&#8221; text_orientation=&#8221;center&#8221; module_alignment=&#8221;center&#8221; saved_tabs=&#8221;all&#8221;]<\/p>\n<p style=\"text-align: center;\"><a style=\"color: #fff;\" href=\"https:\/\/altoviso.pt\/?page_id=509\">VINHOS \u00a0\u00a0 <\/a>| \u00a0 <a style=\"color: #fff;\" href=\"https:\/\/altoviso.pt\/?page_id=911\">ESPUMANTES \u00a0\u00a0 <\/a>| \u00a0\u00a0 <a style=\"color: #fff;\" href=\"https:\/\/altoviso.pt\/?page_id=1029\">LICORES &#038; SPIRITS \u00a0\u00a0 <\/a>|\u00a0\u00a0\u00a0 <a style=\"color: #fff;\" href=\"https:\/\/altoviso.pt\/?page_id=1255\">XAROPES \u00a0\u00a0 <\/a>|\u00a0\u00a0\u00a0 <a style=\"color: #fff;\" href=\"https:\/\/altoviso.pt\/?page_id=1347\">VINHOS DO PORTO<\/a> \u00a0\u00a0 | \u00a0\u00a0 <a style=\"color: #fff;\" href=\"https:\/\/altoviso.pt\/?page_id=1391\">DISTRIBU\u00cdDOS<\/a><\/p>\n<p>[\/et_pb_text][\/et_pb_column][\/et_pb_row][et_pb_row background_repeat_1=&#8221;no-repeat&#8221; _builder_version=&#8221;3.0.71&#8243;][et_pb_column type=&#8221;4_4&#8243; _builder_version=&#8221;3.0.47&#8243; parallax=&#8221;off&#8221; parallax_method=&#8221;on&#8221; background_repeat=&#8221;no-repeat&#8221;][et_pb_text _builder_version=&#8221;3.0.71&#8243; text_font=&#8221;Open Sans|||on|&#8221; text_font_size=&#8221;30&#8243; text_text_color=&#8221;#d6b56a&#8221; text_orientation=&#8221;center&#8221; module_alignment=&#8221;center&#8221; border_style=&#8221;solid&#8221;]<\/p>\n<p style=\"text-align: center;\">Regi\u00e3o das Beiras<\/p>\n<p>[\/et_pb_text][\/et_pb_column][\/et_pb_row][et_pb_row background_position_1=&#8221;top_left&#8221; background_position_2=&#8221;top_left&#8221; background_position_3=&#8221;top_left&#8221; background_position_4=&#8221;top_left&#8221; background_repeat_1=&#8221;no-repeat&#8221; background_repeat_2=&#8221;no-repeat&#8221; background_repeat_3=&#8221;no-repeat&#8221; background_repeat_4=&#8221;no-repeat&#8221; _builder_version=&#8221;3.0.71&#8243;][et_pb_column type=&#8221;1_3&#8243; _builder_version=&#8221;3.0.47&#8243; parallax=&#8221;off&#8221; parallax_method=&#8221;on&#8221; background_position=&#8221;top_left&#8221; background_repeat=&#8221;no-repeat&#8221;][et_pb_image src=&#8221;https:\/\/altoviso.pt\/cms\/wp-content\/uploads\/2017\/08\/beirastintodocthumb.jpg&#8221; url=&#8221;https:\/\/altoviso.pt\/?page_id=826&#8243; use_overlay=&#8221;on&#8221; overlay_icon_color=&#8221;#d6b56a&#8221; hover_overlay_color=&#8221;rgba(0,0,0,0.5)&#8221; align=&#8221;center&#8221; _builder_version=&#8221;3.0.71&#8243; border_width_all=&#8221;0px&#8221; border_color_all=&#8221;#d6b56a&#8221; border_style_all=&#8221;solid&#8221; max_width=&#8221;230px&#8221; custom_margin=&#8221;0px|5%|0px|0px&#8221; animation_style=&#8221;slide&#8221; animation_direction=&#8221;left&#8221; animation_duration=&#8221;500ms&#8221; animation_intensity_slide=&#8221;10%&#8221; use_border_color=&#8221;on&#8221; border_color=&#8221;#d6b56a&#8221; border_style=&#8221;solid&#8221; sticky=&#8221;off&#8221;][\/et_pb_image][et_pb_text _builder_version=&#8221;3.0.98&#8243; text_font=&#8221;Open Sans||||&#8221; text_orientation=&#8221;center&#8221; max_width=&#8221;230px&#8221; module_alignment=&#8221;left&#8221; custom_margin=&#8221;0px|0px|0px|0px&#8221; custom_padding=&#8221;0px|0px|0px|0px&#8221; border_style=&#8221;solid&#8221;]<\/p>\n<p style=\"text-align: center;\">Beiras Tinto<\/p>\n<p>[\/et_pb_text][\/et_pb_column][et_pb_column type=&#8221;1_3&#8243; _builder_version=&#8221;3.0.47&#8243; parallax=&#8221;off&#8221; parallax_method=&#8221;on&#8221; background_position=&#8221;top_left&#8221; background_repeat=&#8221;no-repeat&#8221;][et_pb_image src=&#8221;https:\/\/altoviso.pt\/cms\/wp-content\/uploads\/2017\/08\/beirasmerlotthumb.jpg&#8221; url=&#8221;https:\/\/altoviso.pt\/?page_id=846&#8243; use_overlay=&#8221;on&#8221; overlay_icon_color=&#8221;#d6b56a&#8221; hover_overlay_color=&#8221;rgba(0,0,0,0.5)&#8221; align=&#8221;center&#8221; _builder_version=&#8221;3.0.71&#8243; border_width_all=&#8221;0px&#8221; border_color_all=&#8221;#d6b56a&#8221; border_style_all=&#8221;solid&#8221; max_width=&#8221;230px&#8221; custom_margin=&#8221;0px|5%|0px|0px&#8221; animation_style=&#8221;slide&#8221; animation_direction=&#8221;left&#8221; animation_duration=&#8221;500ms&#8221; animation_intensity_slide=&#8221;10%&#8221; use_border_color=&#8221;on&#8221; border_color=&#8221;#d6b56a&#8221; border_style=&#8221;solid&#8221; sticky=&#8221;off&#8221;][\/et_pb_image][et_pb_text _builder_version=&#8221;3.0.98&#8243; text_font=&#8221;Open Sans||||&#8221; text_orientation=&#8221;center&#8221; max_width=&#8221;230px&#8221; module_alignment=&#8221;left&#8221; custom_margin=&#8221;0px|0px|0px|0px&#8221; custom_padding=&#8221;0px|0px|0px|0px&#8221; border_style=&#8221;solid&#8221;]<\/p>\n<p style=\"text-align: center;\">Beiras Merlot Tinto<\/p>\n<p>[\/et_pb_text][\/et_pb_column][et_pb_column type=&#8221;1_3&#8243; _builder_version=&#8221;3.0.47&#8243; parallax=&#8221;off&#8221; parallax_method=&#8221;on&#8221; background_position=&#8221;top_left&#8221; background_repeat=&#8221;no-repeat&#8221;][et_pb_image src=&#8221;https:\/\/altoviso.pt\/cms\/wp-content\/uploads\/2017\/08\/beirasbrancodocthumb.jpg&#8221; url=&#8221;https:\/\/altoviso.pt\/?page_id=851&#8243; use_overlay=&#8221;on&#8221; overlay_icon_color=&#8221;#d6b56a&#8221; hover_overlay_color=&#8221;rgba(0,0,0,0.5)&#8221; align=&#8221;center&#8221; _builder_version=&#8221;3.0.71&#8243; border_width_all=&#8221;0px&#8221; border_color_all=&#8221;#d6b56a&#8221; border_style_all=&#8221;solid&#8221; max_width=&#8221;230px&#8221; custom_margin=&#8221;0px|5%|0px|0px&#8221; animation_style=&#8221;slide&#8221; animation_direction=&#8221;left&#8221; animation_duration=&#8221;500ms&#8221; animation_intensity_slide=&#8221;10%&#8221; use_border_color=&#8221;on&#8221; border_color=&#8221;#d6b56a&#8221; border_style=&#8221;solid&#8221; sticky=&#8221;off&#8221;][\/et_pb_image][et_pb_text _builder_version=&#8221;3.0.98&#8243; text_font=&#8221;Open Sans||||&#8221; text_orientation=&#8221;center&#8221; max_width=&#8221;230px&#8221; module_alignment=&#8221;left&#8221; custom_margin=&#8221;0px|0px|0px|0px&#8221; custom_padding=&#8221;0px|0px|0px|0px&#8221; border_style=&#8221;solid&#8221;]<\/p>\n<p style=\"text-align: center;\">Beiras Branco<\/p>\n<p>[\/et_pb_text][\/et_pb_column][\/et_pb_row][\/et_pb_section][et_pb_section fb_built=&#8221;1&#8243; fullwidth=&#8221;on&#8221; disabled_on=&#8221;on|on|on&#8221; _builder_version=&#8221;3.0.47&#8243; disabled=&#8221;on&#8221;][et_pb_fullwidth_image src=&#8221;https:\/\/altoviso.pt\/cms\/wp-content\/uploads\/2017\/08\/bannerbairrada.jpg&#8221; _builder_version=&#8221;3.0.65&#8243; background_size=&#8221;initial&#8221; background_position=&#8221;top_left&#8221; background_repeat=&#8221;repeat&#8221; custom_margin=&#8221;0px|0px|0px|0px&#8221; animation_style=&#8221;slide&#8221; animation_direction=&#8221;left&#8221; animation_duration=&#8221;500ms&#8221; animation_intensity_slide=&#8221;10%&#8221; border_style=&#8221;solid&#8221; animation=&#8221;left&#8221;][\/et_pb_fullwidth_image][\/et_pb_section][et_pb_section fb_built=&#8221;1&#8243; background_color=&#8221;#27c9b8&#8243; admin_label=&#8221;section&#8221; _builder_version=&#8221;3.0.51&#8243; background_image=&#8221;https:\/\/altoviso.pt\/cms\/wp-content\/uploads\/2017\/06\/callaction.jpg&#8221; parallax=&#8221;on&#8221;][et_pb_row background_color=&#8221;rgba(0,0,0,0.4)&#8221; admin_label=&#8221;row&#8221; _builder_version=&#8221;3.0.51&#8243; background_size=&#8221;initial&#8221; background_position=&#8221;top_left&#8221; background_repeat=&#8221;repeat&#8221;][et_pb_column type=&#8221;4_4&#8243; _builder_version=&#8221;3.0.47&#8243; parallax=&#8221;off&#8221; parallax_method=&#8221;on&#8221;][et_pb_cta button_url=&#8221;#&#8221; use_background_color=&#8221;off&#8221; _builder_version=&#8221;3.0.51&#8243; background_size=&#8221;initial&#8221; background_position=&#8221;top_left&#8221; background_repeat=&#8221;repeat&#8221;]<\/p>\n<h1>&#8220;O Vinho \u00e9 a chave que, sem dar a volta,<br \/>\nabre o cora\u00e7\u00e3o e solta os pensamentos&#8221;<\/h1>\n<p>[\/et_pb_cta][\/et_pb_column][\/et_pb_row][\/et_pb_section][et_pb_section fb_built=&#8221;1&#8243; background_color=&#8221;#8d0000&#8243; admin_label=&#8221;section&#8221; _builder_version=&#8221;3.0.51&#8243; custom_padding=&#8221;0px||0px|&#8221;][et_pb_row admin_label=&#8221;row&#8221; _builder_version=&#8221;3.0.47&#8243; background_size=&#8221;initial&#8221; background_position=&#8221;top_left&#8221; background_repeat=&#8221;repeat&#8221;][et_pb_column type=&#8221;4_4&#8243; _builder_version=&#8221;3.0.47&#8243; parallax=&#8221;off&#8221; parallax_method=&#8221;on&#8221;][et_pb_cta button_url=&#8221;#&#8221; button_text=&#8221;contacte-nos&#8221; use_background_color=&#8221;off&#8221; _builder_version=&#8221;3.0.51&#8243; background_size=&#8221;initial&#8221; background_position=&#8221;top_left&#8221; background_repeat=&#8221;repeat&#8221;]<\/p>\n<h1>Fa\u00e7a-nos uma visita.<br \/>\nConhe\u00e7a as nossas instala\u00e7\u00f5es.<\/h1>\n<p>[\/et_pb_cta][\/et_pb_column][\/et_pb_row][\/et_pb_section][et_pb_section fb_built=&#8221;1&#8243; admin_label=&#8221;section&#8221; module_id=&#8221;contactos&#8221; _builder_version=&#8221;3.0.51&#8243; custom_padding=&#8221;0px|0px|0px|0px&#8221;][et_pb_row make_fullwidth=&#8221;on&#8221; use_custom_gutter=&#8221;on&#8221; gutter_width=&#8221;1&#8243; custom_padding=&#8221;0px||0px|&#8221; custom_margin=&#8221;0px||0px|&#8221; make_equal=&#8221;on&#8221; background_color_2=&#8221;#d6b56a&#8221; padding_top_1=&#8221;0px&#8221; padding_bottom_1=&#8221;0px&#8221; padding_top_2=&#8221;0px&#8221; padding_bottom_2=&#8221;0px&#8221; padding_top_3=&#8221;0px&#8221; padding_bottom_3=&#8221;0px&#8221; background_position_1=&#8221;top_left&#8221; background_position_2=&#8221;top_left&#8221; background_position_3=&#8221;top_left&#8221; background_repeat_1=&#8221;no-repeat&#8221; background_repeat_2=&#8221;no-repeat&#8221; background_repeat_3=&#8221;no-repeat&#8221; admin_label=&#8221;row&#8221; _builder_version=&#8221;3.0.51&#8243;][et_pb_column type=&#8221;1_3&#8243; _builder_version=&#8221;3.0.47&#8243; padding_bottom=&#8221;0px&#8221; padding_top=&#8221;0px&#8221; parallax=&#8221;off&#8221; parallax_method=&#8221;on&#8221; background_position=&#8221;top_left&#8221; background_repeat=&#8221;no-repeat&#8221;][et_pb_image src=&#8221;https:\/\/altoviso.pt\/cms\/wp-content\/uploads\/2017\/06\/winery-shutterstock.jpg&#8221; show_bottom_space=&#8221;off&#8221; align=&#8221;center&#8221; force_fullwidth=&#8221;on&#8221; _builder_version=&#8221;3.0.51&#8243; custom_margin=&#8221;0px|0px|0px|0px&#8221; animation_style=&#8221;slide&#8221; animation_direction=&#8221;left&#8221; animation_duration=&#8221;500ms&#8221; animation_intensity_slide=&#8221;10%&#8221; sticky=&#8221;on&#8221;][\/et_pb_image][\/et_pb_column][et_pb_column type=&#8221;1_3&#8243; _builder_version=&#8221;3.0.47&#8243; padding_bottom=&#8221;0px&#8221; padding_top=&#8221;0px&#8221; background_color=&#8221;#d6b56a&#8221; parallax=&#8221;off&#8221; parallax_method=&#8221;on&#8221; background_position=&#8221;top_left&#8221; background_repeat=&#8221;no-repeat&#8221;][et_pb_text _builder_version=&#8221;3.0.51&#8243; text_font_size=&#8221;18px&#8221; text_text_color=&#8221;#ffffff&#8221; text_line_height=&#8221;1.4em&#8221; text_orientation=&#8221;center&#8221; module_alignment=&#8221;center&#8221; custom_margin=&#8221;|||&#8221; custom_padding=&#8221;80px|||&#8221;]Morada:<br \/>\nApartado 20 \u2013 FOGUEIRA<br \/>\n3780 SANGALHOS<\/p>\n<p>Telefone: 234.743.238<br \/>\nFax: 234.743.013<\/p>\n<p>Email:<br \/>\n<a href=\"mailto:geral@altoviso.pt\">geral@altoviso.pt<\/a><br \/>\naltoviso@altoviso.pt<br \/>\n[\/et_pb_text][\/et_pb_column][et_pb_column type=&#8221;1_3&#8243; _builder_version=&#8221;3.0.47&#8243; padding_bottom=&#8221;0px&#8221; padding_top=&#8221;0px&#8221; parallax=&#8221;off&#8221; parallax_method=&#8221;on&#8221; background_position=&#8221;top_left&#8221; background_repeat=&#8221;no-repeat&#8221;][et_pb_map address=&#8221;3780 Sangalhos, Portugal&#8221; zoom_level=&#8221;14&#8243; address_lat=&#8221;40.486536181931&#8243; address_lng=&#8221;-8.4758407565918&#8243; mouse_wheel=&#8221;off&#8221; use_grayscale_filter=&#8221;on&#8221; grayscale_filter_amount=&#8221;100&#8243; _builder_version=&#8221;3.0.51&#8243; child_filter_saturate=&#8221;0%&#8221; custom_css_main_element=&#8221;height:100% !important;&#8221;][et_pb_map_pin title=&#8221;Caves Altoviso&#8221; pin_address=&#8221;R. Dr. Joaquim da Silveira, 3780 Sangalhos, Portugal&#8221; pin_address_lat=&#8221;40.4827297&#8243; pin_address_lng=&#8221;-8.489067&#8243; _builder_version=&#8221;3.0.51&#8243;][\/et_pb_map_pin][\/et_pb_map][\/et_pb_column][\/et_pb_row][\/et_pb_section]<\/p>\n","protected":false},"excerpt":{"rendered":"<p>ProdutosVINHOS \u00a0\u00a0 | \u00a0 ESPUMANTES \u00a0\u00a0 | \u00a0\u00a0 LICORES &#038; SPIRITS \u00a0\u00a0 |\u00a0\u00a0\u00a0 XAROPES \u00a0\u00a0 |\u00a0\u00a0\u00a0 VINHOS DO PORTO \u00a0\u00a0 | \u00a0\u00a0 DISTRIBU\u00cdDOSRegi\u00e3o das BeirasBeiras TintoBeiras Merlot TintoBeiras Branco&#8221;O Vinho \u00e9 a chave que, sem dar a volta, abre o cora\u00e7\u00e3o e solta os pensamentos&#8221; Fa\u00e7a-nos uma visita. Conhe\u00e7a as nossas instala\u00e7\u00f5es. Morada: Apartado 20 [&hellip;]<\/p>\n","protected":false},"author":1,"featured_media":0,"parent":0,"menu_order":0,"comment_status":"closed","ping_status":"closed","template":"","meta":{"_et_pb_use_builder":"on","_et_pb_old_content":"","_et_gb_content_width":""},"_links":{"self":[{"href":"https:\/\/altoviso.pt\/index.php?rest_route=\/wp\/v2\/pages\/782"}],"collection":[{"href":"https:\/\/altoviso.pt\/index.php?rest_route=\/wp\/v2\/pages"}],"about":[{"href":"https:\/\/altoviso.pt\/index.php?rest_route=\/wp\/v2\/types\/page"}],"author":[{"embeddable":true,"href":"https:\/\/altoviso.pt\/index.php?rest_route=\/wp\/v2\/users\/1"}],"replies":[{"embeddable":true,"href":"https:\/\/altoviso.pt\/index.php?rest_route=%2Fwp%2Fv2%2Fcomments&post=782"}],"version-history":[{"count":20,"href":"https:\/\/altoviso.pt\/index.php?rest_route=\/wp\/v2\/pages\/782\/revisions"}],"predecessor-version":[{"id":1681,"href":"https:\/\/altoviso.pt\/index.php?rest_route=\/wp\/v2\/pages\/782\/revisions\/1681"}],"wp:attachment":[{"href":"https:\/\/altoviso.pt\/index.php?rest_route=%2Fwp%2Fv2%2Fmedia&parent=782"}],"curies":[{"name":"wp","href":"https:\/\/api.w.org\/{rel}","templated":true}]}}